{"id":5943,"date":"2024-10-30T09:17:31","date_gmt":"2024-10-30T08:17:31","guid":{"rendered":"https:\/\/dev.forever-products.be\/produits\/niet-gecategoriseerd\/bijtende-soda\/"},"modified":"2026-05-04T09:33:27","modified_gmt":"2026-05-04T07:33:27","slug":"bijtende-soda","status":"publish","type":"product","link":"https:\/\/www.forever-products.be\/nl\/producten\/huishoud\/bijtende-soda\/","title":{"rendered":"Bijtende soda"},"content":{"rendered":"","protected":false},"excerpt":{"rendered":"<p>Essentieel ingredi\u00ebnt voor de traditionele vervaardiging van vaste zeep door koude verzeping. Het reageert met oli\u00ebn om een natuurlijke, zachte en effectieve zeep te cre\u00ebren. Voorzichtig gebruiken, want dit is een krachtig product voor gecontroleerd professioneel of huishoudelijk gebruik.<\/p>\n","protected":false},"featured_media":20948,"comment_status":"open","ping_status":"closed","template":"","meta":[],"etheme_brands":[],"product_brand":[],"product_cat":[159],"product_tag":[219],"class_list":{"0":"post-5943","1":"product","2":"type-product","3":"status-publish","4":"has-post-thumbnail","6":"product_cat-huishoud","7":"product_tag-verzeping","8":"pa_conditionnement-1kg-nl","10":"first","11":"instock","12":"taxable","13":"shipping-taxable","14":"purchasable","15":"product-type-variable"},"_links":{"self":[{"href":"https:\/\/www.forever-products.be\/nl\/wp-json\/wp\/v2\/product\/5943","targetHints":{"allow":["GET"]}}],"collection":[{"href":"https:\/\/www.forever-products.be\/nl\/wp-json\/wp\/v2\/product"}],"about":[{"href":"https:\/\/www.forever-products.be\/nl\/wp-json\/wp\/v2\/types\/product"}],"replies":[{"embeddable":true,"href":"https:\/\/www.forever-products.be\/nl\/wp-json\/wp\/v2\/comments?post=5943"}],"version-history":[{"count":1,"href":"https:\/\/www.forever-products.be\/nl\/wp-json\/wp\/v2\/product\/5943\/revisions"}],"predecessor-version":[{"id":21245,"href":"https:\/\/www.forever-products.be\/nl\/wp-json\/wp\/v2\/product\/5943\/revisions\/21245"}],"wp:featuredmedia":[{"embeddable":true,"href":"https:\/\/www.forever-products.be\/nl\/wp-json\/wp\/v2\/media\/20948"}],"wp:attachment":[{"href":"https:\/\/www.forever-products.be\/nl\/wp-json\/wp\/v2\/media?parent=5943"}],"wp:term":[{"taxonomy":"brand","embeddable":true,"href":"https:\/\/www.forever-products.be\/nl\/wp-json\/wp\/v2\/etheme_brands?post=5943"},{"taxonomy":"product_brand","embeddable":true,"href":"https:\/\/www.forever-products.be\/nl\/wp-json\/wp\/v2\/product_brand?post=5943"},{"taxonomy":"product_cat","embeddable":true,"href":"https:\/\/www.forever-products.be\/nl\/wp-json\/wp\/v2\/product_cat?post=5943"},{"taxonomy":"product_tag","embeddable":true,"href":"https:\/\/www.forever-products.be\/nl\/wp-json\/wp\/v2\/product_tag?post=5943"}],"curies":[{"name":"wp","href":"https:\/\/api.w.org\/{rel}","templated":true}]}}