{"id":12190,"date":"2025-02-20T09:21:17","date_gmt":"2025-02-20T08:21:17","guid":{"rendered":"https:\/\/www.forever-products.be\/produits\/niet-gecategoriseerd\/schoorsteenvegen-doorlopend\/"},"modified":"2025-02-20T10:58:32","modified_gmt":"2025-02-20T09:58:32","slug":"schoorsteenvegen-doorlopend","status":"publish","type":"product","link":"https:\/\/www.forever-products.be\/nl\/producten\/verwarming\/schoorsteenvegen-doorlopend\/","title":{"rendered":"Schoorsteenvegen doorlopend"},"content":{"rendered":"","protected":false},"excerpt":{"rendered":"<p>Pyrofeu&#8217;s doorlopend schoorsteenveger voor hout\/kolen is een katalytisch poeder voor het regelmatig onderhoud van rookkanalen, ook van roestvrij staal. Gemaakt van 100% actieve ingredi\u00ebnten, vernietigt het roet, aanslag, teer en bistre afzettingen door katalyse, waardoor het risico op schoorsteenbranden vermindert en de effici\u00ebntie van uw installatie verbetert. Het is gemakkelijk te gebruiken: \u00e9\u00e9n zakje per week is alles wat je nodig hebt om je schoorsteen het hele jaar door schoon te houden. Dit product is een aanvulling op het mechanisch vegen van de schoorsteen, dat volgens de huidige regelgeving nog steeds \u00e9\u00e9n tot twee keer per jaar verplicht is.<\/p>\n","protected":false},"featured_media":12153,"comment_status":"open","ping_status":"closed","template":"","meta":[],"etheme_brands":[{"term_id":92,"name":"Pyrofeu","slug":"pyrofeu","term_group":0,"term_taxonomy_id":92,"taxonomy":"brand","description":"","parent":0,"count":57,"filter":"raw"}],"product_brand":[],"product_cat":[145],"product_tag":[248,520],"class_list":{"0":"post-12190","1":"product","2":"type-product","3":"status-publish","4":"has-post-thumbnail","6":"brand-pyrofeu","7":"product_cat-verwarming","8":"product_tag-onderhouden","9":"product_tag-sweeping","10":"pa_conditionnement-14x70g-nl","12":"first","13":"instock","14":"taxable","15":"shipping-taxable","16":"purchasable","17":"product-type-variable"},"_links":{"self":[{"href":"https:\/\/www.forever-products.be\/nl\/wp-json\/wp\/v2\/product\/12190","targetHints":{"allow":["GET"]}}],"collection":[{"href":"https:\/\/www.forever-products.be\/nl\/wp-json\/wp\/v2\/product"}],"about":[{"href":"https:\/\/www.forever-products.be\/nl\/wp-json\/wp\/v2\/types\/product"}],"replies":[{"embeddable":true,"href":"https:\/\/www.forever-products.be\/nl\/wp-json\/wp\/v2\/comments?post=12190"}],"version-history":[{"count":0,"href":"https:\/\/www.forever-products.be\/nl\/wp-json\/wp\/v2\/product\/12190\/revisions"}],"wp:featuredmedia":[{"embeddable":true,"href":"https:\/\/www.forever-products.be\/nl\/wp-json\/wp\/v2\/media\/12153"}],"wp:attachment":[{"href":"https:\/\/www.forever-products.be\/nl\/wp-json\/wp\/v2\/media?parent=12190"}],"wp:term":[{"taxonomy":"brand","embeddable":true,"href":"https:\/\/www.forever-products.be\/nl\/wp-json\/wp\/v2\/etheme_brands?post=12190"},{"taxonomy":"product_brand","embeddable":true,"href":"https:\/\/www.forever-products.be\/nl\/wp-json\/wp\/v2\/product_brand?post=12190"},{"taxonomy":"product_cat","embeddable":true,"href":"https:\/\/www.forever-products.be\/nl\/wp-json\/wp\/v2\/product_cat?post=12190"},{"taxonomy":"product_tag","embeddable":true,"href":"https:\/\/www.forever-products.be\/nl\/wp-json\/wp\/v2\/product_tag?post=12190"}],"curies":[{"name":"wp","href":"https:\/\/api.w.org\/{rel}","templated":true}]}}