{"id":16881,"date":"2023-04-05T12:11:36","date_gmt":"2023-04-05T10:11:36","guid":{"rendered":"https:\/\/www.forever-products.be\/contact\/"},"modified":"2025-03-27T13:59:35","modified_gmt":"2025-03-27T12:59:35","slug":"contact","status":"publish","type":"page","link":"https:\/\/www.forever-products.be\/en\/contact\/","title":{"rendered":"Contact"},"content":{"rendered":"\t\t<div data-elementor-type=\"wp-page\" data-elementor-id=\"16881\" class=\"elementor elementor-16881 elementor-31\" wpc-filter-elementor-widget=\"1\" data-elementor-post-type=\"page\">\n\t\t\t\t<div class=\"elementor-element elementor-element-4c01d13 e-con-full e-flex e-con e-parent\" data-id=\"4c01d13\" data-element_type=\"container\" data-e-type=\"container\" data-settings=\"{&quot;background_background&quot;:&quot;classic&quot;}\">\n\t\t\t\t<div class=\"elementor-element elementor-element-53fc869 elementor-invisible elementor-widget elementor-widget-heading\" data-id=\"53fc869\" data-element_type=\"widget\" data-e-type=\"widget\" data-settings=\"{&quot;_animation&quot;:&quot;fadeInLeft&quot;,&quot;_animation_delay&quot;:50}\" data-widget_type=\"heading.default\">\n\t\t\t\t<div class=\"elementor-widget-container\">\n\t\t\t\t\t<h2 class=\"elementor-heading-title elementor-size-default\">Contact us<\/h2>\t\t\t\t<\/div>\n\t\t\t\t<\/div>\n\t\t\t\t<div class=\"elementor-element elementor-element-f9264f9 animated-fast elementor-invisible elementor-widget elementor-widget-text-editor\" data-id=\"f9264f9\" data-element_type=\"widget\" data-e-type=\"widget\" data-settings=\"{&quot;_animation&quot;:&quot;fadeIn&quot;,&quot;_animation_delay&quot;:1500}\" data-widget_type=\"text-editor.default\">\n\t\t\t\t<div class=\"elementor-widget-container\">\n\t\t\t\t\t\t\t\t\t<p>Do you have any questions about our products or your order?<\/p>\n<p>Don&#8217;t hesitate to contact us!<\/p>\n\t\t\t\t\t\t\t\t<\/div>\n\t\t\t\t<\/div>\n\t\t\t\t<\/div>\n\t\t<div class=\"elementor-element elementor-element-346511f e-con-full e-flex e-con e-parent\" data-id=\"346511f\" data-element_type=\"container\" data-e-type=\"container\">\n\t\t\t\t<div class=\"elementor-element elementor-element-e99defd elementor-align-left elementor-invisible elementor-widget elementor-widget-etheme_icon_box\" data-id=\"e99defd\" data-element_type=\"widget\" data-e-type=\"widget\" data-settings=\"{&quot;lottie_source_json&quot;:{&quot;url&quot;:&quot;https:\\\/\\\/xstore.8theme.com\\\/elementor2\\\/home-decor02\\\/wp-content\\\/uploads\\\/sites\\\/9\\\/2023\\\/04\\\/secured-letter.json&quot;,&quot;id&quot;:1192,&quot;size&quot;:&quot;&quot;,&quot;alt&quot;:&quot;&quot;,&quot;source&quot;:&quot;library&quot;},&quot;_animation&quot;:&quot;fadeInLeft&quot;,&quot;_animation_delay&quot;:50,&quot;icon_type&quot;:&quot;lottie&quot;,&quot;lottie_source&quot;:&quot;media_file&quot;,&quot;lottie_points&quot;:{&quot;unit&quot;:&quot;%&quot;,&quot;size&quot;:&quot;&quot;,&quot;sizes&quot;:{&quot;start&quot;:0,&quot;end&quot;:100}},&quot;lottie_renderer&quot;:&quot;svg&quot;,&quot;lottie_play_speed&quot;:{&quot;unit&quot;:&quot;px&quot;,&quot;size&quot;:1,&quot;sizes&quot;:[]},&quot;lottie_loop&quot;:&quot;yes&quot;,&quot;lottie_lazyload&quot;:&quot;yes&quot;}\" data-widget_type=\"etheme_icon_box.default\">\n\t\t\t\t<div class=\"elementor-widget-container\">\n\t\t\t\t\t\t\t\t<div class=\"etheme-icon-box etheme-icon-box-icon-position-left\">\n        \n                            \n                <div class=\"etheme-icon-box-icon etheme-icon-box-icon-type-lottie etheme-lottie\" data-lottie_url=\"https:\/\/www.forever-products.be\/wp-content\/uploads\/2023\/04\/secured-letter.json\">\n        \n                                            <div class=\"etheme-lottie-animation\"><\/div>\n                                    \n                <\/div>\n            \n                <div class=\"etheme-icon-box-content\">\n\t\t\n                                        \n                    \t\t\n                                            <p class=\"etheme-icon-box-description\">\n                            by email                        <\/p>\n                    \n                            \n                <\/div>\n\t\t\t<\/div>\n\t\t\t\t\t\t<\/div>\n\t\t\t\t<\/div>\n\t\t\t\t<div class=\"elementor-element elementor-element-cdab5b5 etheme-contact-form-7-button-custom elementor-invisible elementor-widget elementor-widget-et-contact-form-7\" data-id=\"cdab5b5\" data-element_type=\"widget\" data-e-type=\"widget\" data-settings=\"{&quot;_animation&quot;:&quot;fadeIn&quot;,&quot;_animation_delay&quot;:500}\" data-widget_type=\"et-contact-form-7.default\">\n\t\t\t\t<div class=\"elementor-widget-container\">\n\t\t\t\t\t                <div class=\"pp-contact-form etheme-contact-form-7 placeholder-show\">\n                                            <div class=\"etheme-contact-form-7-heading\">\n                                                                                <\/div>\n                                        \n<div class=\"wpcf7 no-js\" id=\"wpcf7-f16887-o1\" lang=\"en-US\" dir=\"ltr\" data-wpcf7-id=\"16887\">\n<div class=\"screen-reader-response\"><p role=\"status\" aria-live=\"polite\" aria-atomic=\"true\"><\/p> <ul><\/ul><\/div>\n<form action=\"\/en\/wp-json\/wp\/v2\/pages\/16881#wpcf7-f16887-o1\" method=\"post\" class=\"wpcf7-form init wpcf7-acceptance-as-validation\" aria-label=\"Contact form\" enctype=\"multipart\/form-data\" novalidate=\"novalidate\" data-status=\"init\">\n<fieldset class=\"hidden-fields-container\"><input type=\"hidden\" name=\"_wpcf7\" value=\"16887\" \/><input type=\"hidden\" name=\"_wpcf7_version\" value=\"6.1.5\" \/><input type=\"hidden\" name=\"_wpcf7_locale\" value=\"en_US\" \/><input type=\"hidden\" name=\"_wpcf7_unit_tag\" value=\"wpcf7-f16887-o1\" \/><input type=\"hidden\" name=\"_wpcf7_container_post\" value=\"0\" \/><input type=\"hidden\" name=\"_wpcf7_posted_data_hash\" value=\"\" \/><input type=\"hidden\" name=\"_uacf7_hidden_conditional_fields\" value=\"\" \/><input type=\"hidden\" name=\"_wpcf7_recaptcha_response\" value=\"\" \/>\n<\/fieldset>\n<div class=\"uacf7-form-wrapper-container uacf7-form-16887  \"><div class=\"uacf7-row\">\n\t<div class=\"uacf7-col-6\"> <label> Name*<\/label> <span class=\"wpcf7-form-control-wrap\" data-name=\"Name\"><input size=\"40\" maxlength=\"400\" class=\"wpcf7-form-control wpcf7-text wpcf7-validates-as-required\" aria-required=\"true\" aria-invalid=\"false\" value=\"\" type=\"text\" name=\"Name\" \/><\/span> <\/div>\n\t<div class=\"uacf7-col-6\"> <label> First name<\/label><span class=\"wpcf7-form-control-wrap\" data-name=\"first\"><input size=\"40\" maxlength=\"400\" class=\"wpcf7-form-control wpcf7-text\" aria-invalid=\"false\" value=\"\" type=\"text\" name=\"first\" \/><\/span> <\/div>\n<\/div>\n\n<div class=\"uacf7-row\">\n\t<div class=\"uacf7-col-6\"> <label> Email*<\/label> <span class=\"wpcf7-form-control-wrap\" data-name=\"your-email\"><input size=\"40\" maxlength=\"400\" class=\"wpcf7-form-control wpcf7-email wpcf7-validates-as-required wpcf7-text wpcf7-validates-as-email\" autocomplete=\"email\" aria-required=\"true\" aria-invalid=\"false\" value=\"\" type=\"email\" name=\"your-email\" \/><\/span> <\/div>\n\t<div class=\"uacf7-col-6\"> <label> Phone<\/label><span class=\"wpcf7-form-control-wrap\" data-name=\"tel\"><input size=\"40\" maxlength=\"400\" class=\"wpcf7-form-control wpcf7-tel wpcf7-text wpcf7-validates-as-tel\" aria-invalid=\"false\" value=\"\" type=\"tel\" name=\"tel\" \/><\/span> <\/div>\n<\/div>\n\n<div class=\"uacf7-row\">\n<div class=\"uacf7-col-6\"> <label>I am a*<\/label> \n<span class=\"wpcf7-form-control-wrap\" data-name=\"particulier-entreprise-en\"><span class=\"wpcf7-form-control wpcf7-radio\"><span class=\"wpcf7-list-item first\"><label><input type=\"radio\" name=\"particulier-entreprise-en\" value=\"Private individual\" \/><span class=\"wpcf7-list-item-label\">Private individual<\/span><\/label><\/span><span class=\"wpcf7-list-item last\"><label><input type=\"radio\" name=\"particulier-entreprise-en\" value=\"Professional\" \/><span class=\"wpcf7-list-item-label\">Professional<\/span><\/label><\/span><\/span><\/span> <\/div>\n<div class=\"uacf7-col-6\"> <div class=\"uacf7_conditional Une-entreprise-tva-en\"> <label> Company name* <span class=\"wpcf7-form-control-wrap\" data-name=\"entreprise\"><input size=\"40\" maxlength=\"400\" class=\"wpcf7-form-control wpcf7-text wpcf7-validates-as-required\" aria-required=\"true\" aria-invalid=\"false\" value=\"\" type=\"text\" name=\"entreprise\" \/><\/span><\/label><\/div><div class=\"uacf7_conditional Une-entreprise-tva-en\"> <label> VAT number* <span class=\"wpcf7-form-control-wrap\" data-name=\"tva\"><input size=\"40\" maxlength=\"400\" class=\"wpcf7-form-control wpcf7-text wpcf7-validates-as-required\" aria-required=\"true\" aria-invalid=\"false\" value=\"\" type=\"text\" name=\"tva\" \/><\/span><\/label><\/div> <\/div>\n<\/div>\n\n\n<div class=\"uacf7-row\">\n\t<div class=\"uacf7-col-6\"> \n<div class=\"uacf7_conditional Un-particulier-demande-en\"><label> What is your request* ?<\/label><span class=\"wpcf7-form-control-wrap\" data-name=\"Demande-particulier-en\"><select class=\"wpcf7-form-control wpcf7-select wpcf7-validates-as-required\" aria-required=\"true\" aria-invalid=\"false\" name=\"Demande-particulier-en\"><option value=\"\"><\/option><option value=\"I&#039;m looking for information about a product\">I&#039;m looking for information about a product<\/option><option value=\"Where can I find one of your products?\">Where can I find one of your products?<\/option><option value=\"Other\">Other<\/option><\/select><\/span><\/div>\n\n<div class=\"uacf7_conditional Une-entreprise-demande-en\"><label> What is your request* ?<\/label><span class=\"wpcf7-form-control-wrap\" data-name=\"Demande-entreprise-en\"><select class=\"wpcf7-form-control wpcf7-select wpcf7-validates-as-required\" aria-required=\"true\" aria-invalid=\"false\" name=\"Demande-entreprise-en\"><option value=\"\"><\/option><option value=\"I would like to place an order\">I would like to place an order<\/option><option value=\"I would like information about a product\">I would like information about a product<\/option><option value=\"I would like a sales representative to visit me\">I would like a sales representative to visit me<\/option><option value=\"I would like to resell your products\">I would like to resell your products<\/option><option value=\"Other\">Other<\/option><\/select><\/span><\/div> <\/div>\n\t<div class=\"uacf7-col-6\"> \n<div class=\"uacf7_conditional region-particulier-en\"><label>What is your region* ?<\/label><span class=\"wpcf7-form-control-wrap\" data-name=\"region-particulier-en\"><select class=\"wpcf7-form-control wpcf7-select wpcf7-validates-as-required\" aria-required=\"true\" aria-invalid=\"false\" name=\"region-particulier-en\"><option value=\"\"><\/option><option value=\"Antwerp\">Antwerp<\/option><option value=\"Flemish Brabant\">Flemish Brabant<\/option><option value=\"Walloon Brabant\">Walloon Brabant<\/option><option value=\"Brussels\">Brussels<\/option><option value=\"West Flanders\">West Flanders<\/option><option value=\"East Flanders\">East Flanders<\/option><option value=\"Hainaut\">Hainaut<\/option><option value=\"Li\u00e8ge\">Li\u00e8ge<\/option><option value=\"Limburg\">Limburg<\/option><option value=\"Luxembourg\">Luxembourg<\/option><option value=\"Namur\">Namur<\/option><option value=\"Outside Belgium\">Outside Belgium<\/option><\/select><\/span><\/div>\n\n<div class=\"uacf7_conditional region-entreprise-en\"><label>What is your region* ?<\/label><span class=\"wpcf7-form-control-wrap\" data-name=\"region-entreprise-en\"><select class=\"wpcf7-form-control wpcf7-select wpcf7-validates-as-required\" aria-required=\"true\" aria-invalid=\"false\" name=\"region-entreprise-en\"><option value=\"\"><\/option><option value=\"Antwerp\">Antwerp<\/option><option value=\"Flemish Brabant\">Flemish Brabant<\/option><option value=\"Walloon Brabant\">Walloon Brabant<\/option><option value=\"Brussels\">Brussels<\/option><option value=\"West Flanders\">West Flanders<\/option><option value=\"East Flanders\">East Flanders<\/option><option value=\"Hainaut\">Hainaut<\/option><option value=\"Li\u00e8ge\">Li\u00e8ge<\/option><option value=\"Limburg\">Limburg<\/option><option value=\"Luxembourg\">Luxembourg<\/option><option value=\"Namur\">Namur<\/option><option value=\"Outside Belgium\">Outside Belgium<\/option><\/select><\/span><\/div> <\/div>\n<\/div>\n\n\n\n<label> Subject* <span class=\"wpcf7-form-control-wrap\" data-name=\"your-subject\"><input size=\"40\" maxlength=\"400\" class=\"wpcf7-form-control wpcf7-text wpcf7-validates-as-required\" aria-required=\"true\" aria-invalid=\"false\" value=\"\" type=\"text\" name=\"your-subject\" \/><\/span> <\/label>\n\n<label> Your message <span class=\"wpcf7-form-control-wrap\" data-name=\"your-message\"><textarea cols=\"40\" rows=\"10\" maxlength=\"2000\" class=\"wpcf7-form-control wpcf7-textarea\" aria-invalid=\"false\" name=\"your-message\"><\/textarea><\/span> <\/label>\n\n<label> Upload your file (max 10MB) <\/label> <span class=\"wpcf7-form-control-wrap\" data-name=\"file-234\"><input size=\"40\" class=\"wpcf7-form-control wpcf7-file\" accept=\"audio\/*,video\/*,image\/*\" aria-invalid=\"false\" type=\"file\" name=\"file-234\" \/><\/span>\n<span class=\"wpcf7-form-control-wrap\" data-name=\"acceptance-241\"><span class=\"wpcf7-form-control wpcf7-acceptance optional\"><span class=\"wpcf7-list-item\"><label><input type=\"checkbox\" name=\"acceptance-241\" value=\"1\" aria-invalid=\"false\" \/><span class=\"wpcf7-list-item-label\">I would like to subscribe to the Newsletter to keep up to date with the latest news, tips and tricks from Forever Products.<\/span><\/label><\/span><\/span><\/span>\n\n<div class=\"uacf7-row\"><div class=\"uacf7-col-6\"> <span class=\"wpcf7-form-control-wrap\" data-name=\"acceptance-8\"><span class=\"wpcf7-form-control wpcf7-acceptance\"><span class=\"wpcf7-list-item\"><label><input type=\"checkbox\" name=\"acceptance-8\" value=\"1\" aria-invalid=\"false\" \/><span class=\"wpcf7-list-item-label\">I accept <a href=\"https:\/\/www.forever-products.be\/en\/privacy-policy\/\">the privacy policy<\/a>*<\/span><\/label><\/span><\/span><\/span> <\/div>\n<div class=\"uacf7-col-6\"> <input class=\"wpcf7-form-control wpcf7-submit has-spinner\" type=\"submit\" value=\"Send\" \/> <\/div><\/div>\n\n* Required fields<\/div><div class=\"wpcf7-response-output\" aria-hidden=\"true\"><\/div>\n<\/form>\n<\/div>\n                <\/div>\n                \t\t\t\t<\/div>\n\t\t\t\t<\/div>\n\t\t\t\t<\/div>\n\t\t<div class=\"elementor-element elementor-element-bb7e1c8 e-con-full e-flex e-con e-parent\" data-id=\"bb7e1c8\" data-element_type=\"container\" data-e-type=\"container\">\n\t\t\t\t<div class=\"elementor-element elementor-element-3188d18 elementor-align-left elementor-mobile-align-left elementor-invisible elementor-widget elementor-widget-etheme_icon_box\" data-id=\"3188d18\" data-element_type=\"widget\" data-e-type=\"widget\" data-settings=\"{&quot;lottie_source_json&quot;:{&quot;url&quot;:&quot;https:\\\/\\\/dev.forever-products.be\\\/wp-content\\\/uploads\\\/2023\\\/04\\\/fax.json&quot;,&quot;id&quot;:1190,&quot;size&quot;:&quot;&quot;,&quot;alt&quot;:&quot;&quot;,&quot;source&quot;:&quot;library&quot;},&quot;lottie_play_speed&quot;:{&quot;unit&quot;:&quot;px&quot;,&quot;size&quot;:0.5,&quot;sizes&quot;:[]},&quot;_animation&quot;:&quot;fadeInLeft&quot;,&quot;icon_type&quot;:&quot;lottie&quot;,&quot;lottie_source&quot;:&quot;media_file&quot;,&quot;lottie_points&quot;:{&quot;unit&quot;:&quot;%&quot;,&quot;size&quot;:&quot;&quot;,&quot;sizes&quot;:{&quot;start&quot;:0,&quot;end&quot;:100}},&quot;lottie_renderer&quot;:&quot;svg&quot;,&quot;lottie_loop&quot;:&quot;yes&quot;,&quot;lottie_lazyload&quot;:&quot;yes&quot;}\" data-widget_type=\"etheme_icon_box.default\">\n\t\t\t\t<div class=\"elementor-widget-container\">\n\t\t\t\t\t\t\t\t<div class=\"etheme-icon-box etheme-icon-box-icon-position-left\">\n        \n                            \n                <div class=\"etheme-icon-box-icon etheme-icon-box-icon-type-lottie etheme-lottie\" data-lottie_url=\"https:\/\/www.forever-products.be\/wp-content\/uploads\/2023\/04\/fax.json\">\n        \n                                            <div class=\"etheme-lottie-animation\"><\/div>\n                                    \n                <\/div>\n            \n                <div class=\"etheme-icon-box-content\">\n\t\t\n                                        \n                    \t\t\n                                            <p class=\"etheme-icon-box-description\">\n                            by phone                        <\/p>\n                    \n                            \n                <\/div>\n\t\t\t<\/div>\n\t\t\t\t\t\t<\/div>\n\t\t\t\t<\/div>\n\t\t<div class=\"elementor-element elementor-element-b74d2ba e-con-full e-flex elementor-invisible e-con e-child\" data-id=\"b74d2ba\" data-element_type=\"container\" data-e-type=\"container\" data-settings=\"{&quot;background_background&quot;:&quot;classic&quot;,&quot;animation&quot;:&quot;fadeIn&quot;,&quot;animation_delay&quot;:500}\">\n\t\t\t\t<div class=\"elementor-element elementor-element-d113ff7 elementor-position-inline-start elementor-view-default elementor-mobile-position-block-start elementor-widget elementor-widget-icon-box\" data-id=\"d113ff7\" data-element_type=\"widget\" data-e-type=\"widget\" data-widget_type=\"icon-box.default\">\n\t\t\t\t<div class=\"elementor-widget-container\">\n\t\t\t\t\t\t\t<div class=\"elementor-icon-box-wrapper\">\n\n\t\t\t\t\t\t<div class=\"elementor-icon-box-icon\">\n\t\t\t\t<span  class=\"elementor-icon\">\n\t\t\t\t<svg aria-hidden=\"true\" class=\"e-font-icon-svg e-fas-shopping-cart\" viewBox=\"0 0 576 512\" xmlns=\"http:\/\/www.w3.org\/2000\/svg\"><path d=\"M528.12 301.319l47.273-208C578.806 78.301 567.391 64 551.99 64H159.208l-9.166-44.81C147.758 8.021 137.93 0 126.529 0H24C10.745 0 0 10.745 0 24v16c0 13.255 10.745 24 24 24h69.883l70.248 343.435C147.325 417.1 136 435.222 136 456c0 30.928 25.072 56 56 56s56-25.072 56-56c0-15.674-6.447-29.835-16.824-40h209.647C430.447 426.165 424 440.326 424 456c0 30.928 25.072 56 56 56s56-25.072 56-56c0-22.172-12.888-41.332-31.579-50.405l5.517-24.276c3.413-15.018-8.002-29.319-23.403-29.319H218.117l-6.545-32h293.145c11.206 0 20.92-7.754 23.403-18.681z\"><\/path><\/svg>\t\t\t\t<\/span>\n\t\t\t<\/div>\n\t\t\t\n\t\t\t\t\t\t<div class=\"elementor-icon-box-content\">\n\n\t\t\t\t\t\t\t\t\t<h3 class=\"elementor-icon-box-title\">\n\t\t\t\t\t\t<span  >\n\t\t\t\t\t\t\tSales department\t\t\t\t\t\t<\/span>\n\t\t\t\t\t<\/h3>\n\t\t\t\t\n\t\t\t\t\t\t\t\t\t<p class=\"elementor-icon-box-description\">\n\t\t\t\t\t\tMonday to Thursday from 08:00 to 17:00.\nFriday from 08:00 to 12:00.\n\n\t\t\t\t\t<\/p>\n\t\t\t\t\n\t\t\t<\/div>\n\t\t\t\n\t\t<\/div>\n\t\t\t\t\t\t<\/div>\n\t\t\t\t<\/div>\n\t\t\t\t<\/div>\n\t\t\t\t<\/div>\n\t\t\t\t<section class=\"elementor-section elementor-top-section elementor-element elementor-element-1481745 elementor-section-stretched elementor-section-full_width elementor-section-height-default elementor-section-height-default\" data-id=\"1481745\" data-element_type=\"section\" data-e-type=\"section\" data-settings=\"{&quot;stretch_section&quot;:&quot;section-stretched&quot;,&quot;background_background&quot;:&quot;classic&quot;}\">\n\t\t\t\t\t\t<div class=\"elementor-container elementor-column-gap-custom\">\n\t\t\t\t\t<div class=\"elementor-column elementor-col-100 elementor-top-column elementor-element elementor-element-b56f299\" data-id=\"b56f299\" data-element_type=\"column\" data-e-type=\"column\">\n\t\t\t<div class=\"elementor-widget-wrap elementor-element-populated\">\n\t\t\t\t\t\t<section class=\"elementor-section elementor-inner-section elementor-element elementor-element-8162d44 elementor-section-content-middle elementor-section-full_width elementor-section-height-default elementor-section-height-default\" data-id=\"8162d44\" data-element_type=\"section\" data-e-type=\"section\">\n\t\t\t\t\t\t<div class=\"elementor-container elementor-column-gap-custom\">\n\t\t\t\t\t<div class=\"elementor-column elementor-col-33 elementor-inner-column elementor-element elementor-element-b39beb0\" data-id=\"b39beb0\" data-element_type=\"column\" data-e-type=\"column\" data-settings=\"{&quot;background_background&quot;:&quot;classic&quot;}\">\n\t\t\t<div class=\"elementor-widget-wrap elementor-element-populated\">\n\t\t\t\t\t\t<div class=\"elementor-element elementor-element-881e182 elementor-widget-tablet__width-initial elementor-widget elementor-widget-text-editor\" data-id=\"881e182\" data-element_type=\"widget\" data-e-type=\"widget\" data-widget_type=\"text-editor.default\">\n\t\t\t\t<div class=\"elementor-widget-container\">\n\t\t\t\t\t\t\t\t\t<p><span style=\"color: #84bb25;\">Namur \u2022 Li\u00e8ge \u2022 Luxembourg<\/span><br \/><b> +32 (0) 71 46 85 67<\/b><\/p>\n\t\t\t\t\t\t\t\t<\/div>\n\t\t\t\t<\/div>\n\t\t\t\t\t<\/div>\n\t\t<\/div>\n\t\t\t\t<div class=\"elementor-column elementor-col-33 elementor-inner-column elementor-element elementor-element-6280ec1\" data-id=\"6280ec1\" data-element_type=\"column\" data-e-type=\"column\" data-settings=\"{&quot;background_background&quot;:&quot;classic&quot;}\">\n\t\t\t<div class=\"elementor-widget-wrap elementor-element-populated\">\n\t\t\t\t\t\t<div class=\"elementor-element elementor-element-c8f2836 elementor-widget elementor-widget-text-editor\" data-id=\"c8f2836\" data-element_type=\"widget\" data-e-type=\"widget\" data-widget_type=\"text-editor.default\">\n\t\t\t\t<div class=\"elementor-widget-container\">\n\t\t\t\t\t\t\t\t\t<p><span style=\"color: #84bb25;\">Bruxelles \u2022 Brabant wallon \u2022 Hainaut<\/span><br \/><b> +32 (0) 71 46 85 60<\/b><\/p>\n\t\t\t\t\t\t\t\t<\/div>\n\t\t\t\t<\/div>\n\t\t\t\t\t<\/div>\n\t\t<\/div>\n\t\t\t\t<div class=\"elementor-column elementor-col-33 elementor-inner-column elementor-element elementor-element-c70c8b4\" data-id=\"c70c8b4\" data-element_type=\"column\" data-e-type=\"column\" data-settings=\"{&quot;background_background&quot;:&quot;classic&quot;}\">\n\t\t\t<div class=\"elementor-widget-wrap elementor-element-populated\">\n\t\t\t\t\t\t<div class=\"elementor-element elementor-element-ec80bf0 elementor-widget elementor-widget-text-editor\" data-id=\"ec80bf0\" data-element_type=\"widget\" data-e-type=\"widget\" data-widget_type=\"text-editor.default\">\n\t\t\t\t<div class=\"elementor-widget-container\">\n\t\t\t\t\t\t\t\t\t<span style=\"color: #84bb25;\">Flanders<br><\/span><b> +32 (0) 71 46 85 23<\/b>\t\t\t\t\t\t\t\t<\/div>\n\t\t\t\t<\/div>\n\t\t\t\t\t<\/div>\n\t\t<\/div>\n\t\t\t\t\t<\/div>\n\t\t<\/section>\n\t\t\t\t\t<\/div>\n\t\t<\/div>\n\t\t\t\t\t<\/div>\n\t\t<\/section>\n\t\t<div class=\"elementor-element elementor-element-1a52222 e-con-full e-flex e-con e-parent\" data-id=\"1a52222\" data-element_type=\"container\" data-e-type=\"container\">\n\t\t\t\t<div class=\"elementor-element elementor-element-a647322 elementor-align-left elementor-mobile-align-left elementor-invisible elementor-widget elementor-widget-etheme_icon_box\" data-id=\"a647322\" data-element_type=\"widget\" data-e-type=\"widget\" data-settings=\"{&quot;lottie_source_json&quot;:{&quot;url&quot;:&quot;https:\\\/\\\/dev.forever-products.be\\\/wp-content\\\/uploads\\\/2023\\\/04\\\/place-marker.json&quot;,&quot;id&quot;:1191,&quot;size&quot;:&quot;&quot;,&quot;alt&quot;:&quot;&quot;,&quot;source&quot;:&quot;library&quot;},&quot;_animation&quot;:&quot;fadeInLeft&quot;,&quot;icon_type&quot;:&quot;lottie&quot;,&quot;lottie_source&quot;:&quot;media_file&quot;,&quot;lottie_points&quot;:{&quot;unit&quot;:&quot;%&quot;,&quot;size&quot;:&quot;&quot;,&quot;sizes&quot;:{&quot;start&quot;:0,&quot;end&quot;:100}},&quot;lottie_renderer&quot;:&quot;svg&quot;,&quot;lottie_play_speed&quot;:{&quot;unit&quot;:&quot;px&quot;,&quot;size&quot;:1,&quot;sizes&quot;:[]},&quot;lottie_loop&quot;:&quot;yes&quot;,&quot;lottie_lazyload&quot;:&quot;yes&quot;}\" data-widget_type=\"etheme_icon_box.default\">\n\t\t\t\t<div class=\"elementor-widget-container\">\n\t\t\t\t\t\t\t\t<div class=\"etheme-icon-box etheme-icon-box-icon-position-left\">\n        \n                            \n                <div class=\"etheme-icon-box-icon etheme-icon-box-icon-type-lottie etheme-lottie\" data-lottie_url=\"https:\/\/www.forever-products.be\/wp-content\/uploads\/2023\/04\/place-marker.json\">\n        \n                                            <div class=\"etheme-lottie-animation\"><\/div>\n                                    \n                <\/div>\n            \n                <div class=\"etheme-icon-box-content\">\n\t\t\n                                        \n                    \t\t\n                                            <p class=\"etheme-icon-box-description\">\n                            or come and visit us                        <\/p>\n                    \n                            \n                <\/div>\n\t\t\t<\/div>\n\t\t\t\t\t\t<\/div>\n\t\t\t\t<\/div>\n\t\t\t\t<\/div>\n\t\t<div class=\"elementor-element elementor-element-cafa74a e-con-full e-flex e-con e-parent\" data-id=\"cafa74a\" data-element_type=\"container\" data-e-type=\"container\">\n\t\t\t\t<div class=\"elementor-element elementor-element-58912f5 elementor-invisible elementor-widget elementor-widget-google_maps\" data-id=\"58912f5\" data-element_type=\"widget\" data-e-type=\"widget\" data-settings=\"{&quot;_animation&quot;:&quot;zoomIn&quot;,&quot;_animation_delay&quot;:500}\" data-widget_type=\"google_maps.default\">\n\t\t\t\t<div class=\"elementor-widget-container\">\n\t\t\t\t\t\t\t<div class=\"elementor-custom-embed\">\n\t\t\t<iframe loading=\"lazy\"\n\t\t\t\t\tsrc=\"https:\/\/maps.google.com\/maps?q=forever%20products%2C%20122%20rue%20de%20la%20glacerie%206180%20courcelles%20belgium&#038;t=m&#038;z=12&#038;output=embed&#038;iwloc=near\"\n\t\t\t\t\ttitle=\"forever products, 122 rue de la glacerie 6180 courcelles belgium\"\n\t\t\t\t\taria-label=\"forever products, 122 rue de la glacerie 6180 courcelles belgium\"\n\t\t\t><\/iframe>\n\t\t<\/div>\n\t\t\t\t\t\t<\/div>\n\t\t\t\t<\/div>\n\t\t\t\t<\/div>\n\t\t<div class=\"elementor-element elementor-element-ca00cc8 e-flex e-con-boxed e-con e-parent\" data-id=\"ca00cc8\" data-element_type=\"container\" data-e-type=\"container\">\n\t\t\t\t\t<div class=\"e-con-inner\">\n\t\t\t\t\t<\/div>\n\t\t\t\t<\/div>\n\t\t\t\t<\/div>\n\t\t","protected":false},"excerpt":{"rendered":"<p>Contact us Do you have any questions about our products or your order? Don&#8217;t hesitate to contact us! by email Nom* Pr\u00e9nom Email* T\u00e9l\u00e9phone Je&#8230;<\/p>\n","protected":false},"author":2,"featured_media":0,"parent":0,"menu_order":0,"comment_status":"open","ping_status":"closed","template":"elementor_header_footer","meta":{"footnotes":""},"class_list":["post-16881","page","type-page","status-publish","hentry"],"_links":{"self":[{"href":"https:\/\/www.forever-products.be\/en\/wp-json\/wp\/v2\/pages\/16881","targetHints":{"allow":["GET"]}}],"collection":[{"href":"https:\/\/www.forever-products.be\/en\/wp-json\/wp\/v2\/pages"}],"about":[{"href":"https:\/\/www.forever-products.be\/en\/wp-json\/wp\/v2\/types\/page"}],"author":[{"embeddable":true,"href":"https:\/\/www.forever-products.be\/en\/wp-json\/wp\/v2\/users\/2"}],"replies":[{"embeddable":true,"href":"https:\/\/www.forever-products.be\/en\/wp-json\/wp\/v2\/comments?post=16881"}],"version-history":[{"count":0,"href":"https:\/\/www.forever-products.be\/en\/wp-json\/wp\/v2\/pages\/16881\/revisions"}],"wp:attachment":[{"href":"https:\/\/www.forever-products.be\/en\/wp-json\/wp\/v2\/media?parent=16881"}],"curies":[{"name":"wp","href":"https:\/\/api.w.org\/{rel}","templated":true}]}}